{"id":5,"date":"2020-11-30T18:01:40","date_gmt":"2020-11-30T17:01:40","guid":{"rendered":"http:\/\/renaissancesoinenergetique.com\/?page_id=5"},"modified":"2020-12-20T19:42:55","modified_gmt":"2020-12-20T18:42:55","slug":"presentation","status":"publish","type":"page","link":"https:\/\/renaissancesoinenergetique.com\/index.php\/presentation\/","title":{"rendered":"Pr\u00e9sentation"},"content":{"rendered":"\t\t<div data-elementor-type=\"wp-page\" data-elementor-id=\"5\" class=\"elementor elementor-5\">\n\t\t\t\t\t\t<div class=\"elementor-inner\">\n\t\t\t\t<div class=\"elementor-section-wrap\">\n\t\t\t\t\t\t\t\t\t<section class=\"elementor-section elementor-top-section elementor-element elementor-element-19e1d9ef elementor-section-boxed elementor-section-height-default elementor-section-height-default\" data-id=\"19e1d9ef\" data-element_type=\"section\">\n\t\t\t\t\t\t<div class=\"elementor-container elementor-column-gap-default\">\n\t\t\t\t\t\t\t<div class=\"elementor-row\">\n\t\t\t\t\t<div class=\"elementor-column elementor-col-100 elementor-top-column elementor-element elementor-element-178b155c\" data-id=\"178b155c\" data-element_type=\"column\">\n\t\t\t<div class=\"elementor-column-wrap elementor-element-populated\">\n\t\t\t\t\t\t\t<div class=\"elementor-widget-wrap\">\n\t\t\t\t\t\t<div class=\"elementor-element elementor-element-81f8ae4 elementor-widget elementor-widget-text-editor\" data-id=\"81f8ae4\" data-element_type=\"widget\" data-widget_type=\"text-editor.default\">\n\t\t\t\t<div class=\"elementor-widget-container\">\n\t\t\t\t\t\t\t\t<div class=\"elementor-text-editor elementor-clearfix\">\n\t\t\t\t<p><!-- wp:pullquote {\"className\":\"is-style-default\"} --><\/p>\n<figure class=\"wp-block-pullquote is-style-default\">\n<blockquote>\n<p>M\u00e9dium depuis mon enfance,<\/p>\n<p>je me suis sp\u00e9cialis\u00e9e dans les guidances et nettoyages \u00e9nerg\u00e9tiques \u00e0 distance.<\/p>\n<p>Je vous accueille \u00e9galement au cabinet sous Zomes .<\/p>\n<p><\/p>\n<p>Je saurai vous aider \u00e0 reprendre le contr\u00f4le de votre vie.<\/p>\n<\/blockquote>\n<\/figure>\n<p><!-- \/wp:pullquote --><!-- wp:image {\"align\":\"center\",\"id\":15,\"sizeSlug\":\"large\",\"className\":\"is-style-default\"} --><\/p>\n<div class=\"wp-block-image is-style-default\">\n<figure class=\"aligncenter size-large\"><img loading=\"lazy\" decoding=\"async\" data-recalc-dims=\"1\" class=\"alignnone wp-image-73 size-medium\" src=\"https:\/\/i0.wp.com\/renaissancesoinenergetique.com\/wp-content\/uploads\/2020\/12\/DSC_47011.jpg?resize=300%2C300\" alt=\"\" width=\"300\" height=\"300\" srcset=\"https:\/\/i0.wp.com\/renaissancesoinenergetique.com\/wp-content\/uploads\/2020\/12\/DSC_47011.jpg?w=2048&amp;ssl=1 2048w, https:\/\/i0.wp.com\/renaissancesoinenergetique.com\/wp-content\/uploads\/2020\/12\/DSC_47011.jpg?resize=300%2C300&amp;ssl=1 300w, https:\/\/i0.wp.com\/renaissancesoinenergetique.com\/wp-content\/uploads\/2020\/12\/DSC_47011.jpg?resize=1024%2C1024&amp;ssl=1 1024w, https:\/\/i0.wp.com\/renaissancesoinenergetique.com\/wp-content\/uploads\/2020\/12\/DSC_47011.jpg?resize=150%2C150&amp;ssl=1 150w, https:\/\/i0.wp.com\/renaissancesoinenergetique.com\/wp-content\/uploads\/2020\/12\/DSC_47011.jpg?resize=768%2C768&amp;ssl=1 768w, https:\/\/i0.wp.com\/renaissancesoinenergetique.com\/wp-content\/uploads\/2020\/12\/DSC_47011.jpg?resize=1536%2C1536&amp;ssl=1 1536w\" sizes=\"auto, (max-width: 300px) 100vw, 300px\" \/><p><\/p>\n<figcaption><strong><em>RENAISSANCE <br>soins \u00e9nerg\u00e9tiques<br><\/em><\/strong><strong><em>Sabrina<\/em><\/strong><strong><em> CAIRE <br>&nbsp;SIRET 88191323000010<\/em><\/strong><\/figcaption>\n<\/figure>\n<\/div>\n<p><!-- \/wp:image --><!-- wp:paragraph --><\/p>\n<p><!-- \/wp:paragraph --><\/p>\t\t\t\t\t<\/div>\n\t\t\t\t\t\t<\/div>\n\t\t\t\t<\/div>\n\t\t\t\t\t\t<\/div>\n\t\t\t\t\t<\/div>\n\t\t<\/div>\n\t\t\t\t\t\t\t\t<\/div>\n\t\t\t\t\t<\/div>\n\t\t<\/section>\n\t\t\t\t\t\t\t\t\t<\/div>\n\t\t\t<\/div>\n\t\t\t\t\t<\/div>\n\t\t","protected":false},"excerpt":{"rendered":"<p>M\u00e9dium depuis mon enfance, je me suis sp\u00e9cialis\u00e9e dans les guidances et nettoyages \u00e9nerg\u00e9tiques \u00e0 distance. Je vous accueille \u00e9galement au cabinet sous Zomes . Je saurai vous aider \u00e0 reprendre le contr\u00f4le de votre vie.<\/p>\n","protected":false},"author":1,"featured_media":0,"parent":0,"menu_order":0,"comment_status":"closed","ping_status":"closed","template":"","meta":{"ocean_post_layout":"","ocean_both_sidebars_style":"","ocean_both_sidebars_content_width":0,"ocean_both_sidebars_sidebars_width":0,"ocean_sidebar":"0","ocean_second_sidebar":"0","ocean_disable_margins":"enable","ocean_add_body_class":"","ocean_shortcode_before_top_bar":"","ocean_shortcode_after_top_bar":"","ocean_shortcode_before_header":"","ocean_shortcode_after_header":"","ocean_has_shortcode":"","ocean_shortcode_after_title":"","ocean_shortcode_before_footer_widgets":"","ocean_shortcode_after_footer_widgets":"","ocean_shortcode_before_footer_bottom":"","ocean_shortcode_after_footer_bottom":"","ocean_display_top_bar":"default","ocean_display_header":"default","ocean_header_style":"","ocean_center_header_left_menu":"0","ocean_custom_header_template":"0","ocean_custom_logo":0,"ocean_custom_retina_logo":0,"ocean_custom_logo_max_width":0,"ocean_custom_logo_tablet_max_width":0,"ocean_custom_logo_mobile_max_width":0,"ocean_custom_logo_max_height":0,"ocean_custom_logo_tablet_max_height":0,"ocean_custom_logo_mobile_max_height":0,"ocean_header_custom_menu":"0","ocean_menu_typo_font_family":"0","ocean_menu_typo_font_subset":"","ocean_menu_typo_font_size":0,"ocean_menu_typo_font_size_tablet":0,"ocean_menu_typo_font_size_mobile":0,"ocean_menu_typo_font_size_unit":"px","ocean_menu_typo_font_weight":"","ocean_menu_typo_font_weight_tablet":"","ocean_menu_typo_font_weight_mobile":"","ocean_menu_typo_transform":"","ocean_menu_typo_transform_tablet":"","ocean_menu_typo_transform_mobile":"","ocean_menu_typo_line_height":0,"ocean_menu_typo_line_height_tablet":0,"ocean_menu_typo_line_height_mobile":0,"ocean_menu_typo_line_height_unit":"","ocean_menu_typo_spacing":0,"ocean_menu_typo_spacing_tablet":0,"ocean_menu_typo_spacing_mobile":0,"ocean_menu_typo_spacing_unit":"","ocean_menu_link_color":"","ocean_menu_link_color_hover":"","ocean_menu_link_color_active":"","ocean_menu_link_background":"","ocean_menu_link_hover_background":"","ocean_menu_link_active_background":"","ocean_menu_social_links_bg":"","ocean_menu_social_hover_links_bg":"","ocean_menu_social_links_color":"","ocean_menu_social_hover_links_color":"","ocean_disable_title":"default","ocean_disable_heading":"default","ocean_post_title":"","ocean_post_subheading":"","ocean_post_title_style":"","ocean_post_title_background_color":"","ocean_post_title_background":0,"ocean_post_title_bg_image_position":"","ocean_post_title_bg_image_attachment":"","ocean_post_title_bg_image_repeat":"","ocean_post_title_bg_image_size":"","ocean_post_title_height":0,"ocean_post_title_bg_overlay":0.5,"ocean_post_title_bg_overlay_color":"","ocean_disable_breadcrumbs":"default","ocean_breadcrumbs_color":"","ocean_breadcrumbs_separator_color":"","ocean_breadcrumbs_links_color":"","ocean_breadcrumbs_links_hover_color":"","ocean_display_footer_widgets":"default","ocean_display_footer_bottom":"default","ocean_custom_footer_template":"0","footnotes":""},"class_list":["post-5","page","type-page","status-publish","hentry","entry"],"jetpack_sharing_enabled":true,"_links":{"self":[{"href":"https:\/\/renaissancesoinenergetique.com\/index.php\/wp-json\/wp\/v2\/pages\/5","targetHints":{"allow":["GET"]}}],"collection":[{"href":"https:\/\/renaissancesoinenergetique.com\/index.php\/wp-json\/wp\/v2\/pages"}],"about":[{"href":"https:\/\/renaissancesoinenergetique.com\/index.php\/wp-json\/wp\/v2\/types\/page"}],"author":[{"embeddable":true,"href":"https:\/\/renaissancesoinenergetique.com\/index.php\/wp-json\/wp\/v2\/users\/1"}],"replies":[{"embeddable":true,"href":"https:\/\/renaissancesoinenergetique.com\/index.php\/wp-json\/wp\/v2\/comments?post=5"}],"version-history":[{"count":13,"href":"https:\/\/renaissancesoinenergetique.com\/index.php\/wp-json\/wp\/v2\/pages\/5\/revisions"}],"predecessor-version":[{"id":224,"href":"https:\/\/renaissancesoinenergetique.com\/index.php\/wp-json\/wp\/v2\/pages\/5\/revisions\/224"}],"wp:attachment":[{"href":"https:\/\/renaissancesoinenergetique.com\/index.php\/wp-json\/wp\/v2\/media?parent=5"}],"curies":[{"name":"wp","href":"https:\/\/api.w.org\/{rel}","templated":true}]}}