{"id":187,"date":"2020-12-07T18:03:10","date_gmt":"2020-12-07T17:03:10","guid":{"rendered":"http:\/\/renaissancesoinenergetique.com\/?page_id=187"},"modified":"2024-12-25T10:05:23","modified_gmt":"2024-12-25T09:05:23","slug":"tarifs","status":"publish","type":"page","link":"https:\/\/renaissancesoinenergetique.com\/index.php\/tarifs\/","title":{"rendered":"Tarifs"},"content":{"rendered":"<\/p>\n\n<p style=\"text-align: center;\">Guidance Spirituelle <span style=\"font-size: revert; color: initial;\">Coaching<\/span><strong style=\"font-size: revert; color: initial;\"> 70,00\u20ac<\/strong><\/p>\n<p style=\"text-align: center;\">\u00a0<\/p>\n\n<\/p>\n<p style=\"text-align: center;\">\n\n\n<p class=\"has-text-align-center\"><\/p>\n\n\n<p style=\"text-align: center;\">\n<p style=\"text-align: center;\">Nettoyage complet <strong>120,00\u20ac <\/strong><\/p>\n<p style=\"text-align: center;\">D\u00e9programmation Cellulaire <strong style=\"font-size: revert; color: initial;\">9<\/strong><strong style=\"font-size: revert; color: initial;\">0,00\u20ac<\/strong><\/p>\n<p style=\"text-align: center;\">Massage \u00e9nerg\u00e9tique <strong>9<\/strong><strong>0,00\u20ac<br \/><\/strong><\/p>\n<p style=\"text-align: left;\">\n<p style=\"text-align: center;\">\n<\/p>\n<p style=\"text-align: center;\">\n<p style=\"text-align: center;\">Formation Bases \u00c9nerg\u00e9tique <strong>140,00\u20ac<\/strong><\/p>\n<p style=\"text-align: center;\">Formation Soin Christique <strong>140,00\u20ac<\/strong><\/p>\n<\/p>\n<p style=\"text-align: center;\">\n<\/p>\n<p style=\"text-align: center;\">\n<p style=\"text-align: center;\">\n<p style=\"text-align: center;\">Formation G\u00e9obiologie Sacr\u00e9e <strong style=\"font-size: revert; color: initial;\">1<\/strong><strong style=\"font-size: revert; color: initial;\">40,00\u20ac<\/strong><\/p>\n<p style=\"text-align: center;\">Formation Nettoyage Magies Noires <strong>140,00\u20ac<\/strong><\/p>\n<\/p>\n<p style=\"text-align: center;\">\n<\/p>\n<p style=\"text-align: center;\">\n\n\n<\/p>\n<p style=\"text-align: center;\">Communication Animale <strong>20,00\u20ac<\/strong><\/p>\n<p style=\"text-align: center;\">\n\n\n<p style=\"padding-left: 40px;\"><strong>Chaque soin est pr\u00e9c\u00e9d\u00e9 d&rsquo; un nettoyage externe et apr\u00e8s chaque nettoyage est inclus un soin d Alignement\/Reconnexion Adn<\/strong><\/p>\n<p style=\"text-align: center;\">\u00a0<\/p>\n<p style=\"text-align: center;\">\u00a0<\/p>\n\n\n<\/p>\n<p style=\"text-align: center;\"><strong>Toute prestation comprend un suivi de<\/strong><\/p>\n<p style=\"text-align: center;\"><strong> 21 jours<\/strong><\/p>\n<p style=\"text-align: center;\">\n\n\n<\/p>\n<p style=\"text-align: center;\">\n<h6 style=\"text-align: center;\"><i><strong>\u00a0 Autres nettoyages, formations et soins sp\u00e9cifiques,<\/strong><\/i><\/h6>\n<h6 style=\"text-align: center;\"><i><strong>\u00a0 \u00a0 Me contacter<\/strong><\/i><\/h6>\n<\/p>\n\n\n<\/p>\n<figure><img data-recalc-dims=\"1\" loading=\"lazy\" decoding=\"async\" src=\"https:\/\/i0.wp.com\/renaissancesoinenergetique.com\/wp-content\/uploads\/2020\/12\/site-logo-1.jpg?resize=228%2C174\" alt=\"\" width=\"228\" height=\"174\" \/><\/figure>\n<p>\n\n\n<\/p>","protected":false},"excerpt":{"rendered":"<p>Guidance Spirituelle Coaching 70,00\u20ac \u00a0 Nettoyage complet 120,00\u20ac D\u00e9programmation Cellulaire 90,00\u20ac Massage \u00e9nerg\u00e9tique 90,00\u20ac Formation Bases \u00c9nerg\u00e9tique 140,00\u20ac Formation Soin Christique 140,00\u20ac Formation G\u00e9obiologie Sacr\u00e9e 140,00\u20ac Formation Nettoyage Magies Noires 140,00\u20ac Communication Animale 20,00\u20ac Chaque soin est pr\u00e9c\u00e9d\u00e9 d&rsquo; un nettoyage externe et apr\u00e8s chaque nettoyage est inclus un soin d Alignement\/Reconnexion Adn \u00a0 \u00a0 [&hellip;]<\/p>\n","protected":false},"author":1,"featured_media":0,"parent":0,"menu_order":0,"comment_status":"closed","ping_status":"closed","template":"","meta":{"ocean_post_layout":"","ocean_both_sidebars_style":"","ocean_both_sidebars_content_width":0,"ocean_both_sidebars_sidebars_width":0,"ocean_sidebar":"0","ocean_second_sidebar":"0","ocean_disable_margins":"enable","ocean_add_body_class":"","ocean_shortcode_before_top_bar":"","ocean_shortcode_after_top_bar":"","ocean_shortcode_before_header":"","ocean_shortcode_after_header":"","ocean_has_shortcode":"","ocean_shortcode_after_title":"","ocean_shortcode_before_footer_widgets":"","ocean_shortcode_after_footer_widgets":"","ocean_shortcode_before_footer_bottom":"","ocean_shortcode_after_footer_bottom":"","ocean_display_top_bar":"default","ocean_display_header":"default","ocean_header_style":"","ocean_center_header_left_menu":"0","ocean_custom_header_template":"0","ocean_custom_logo":0,"ocean_custom_retina_logo":0,"ocean_custom_logo_max_width":0,"ocean_custom_logo_tablet_max_width":0,"ocean_custom_logo_mobile_max_width":0,"ocean_custom_logo_max_height":0,"ocean_custom_logo_tablet_max_height":0,"ocean_custom_logo_mobile_max_height":0,"ocean_header_custom_menu":"0","ocean_menu_typo_font_family":"0","ocean_menu_typo_font_subset":"","ocean_menu_typo_font_size":0,"ocean_menu_typo_font_size_tablet":0,"ocean_menu_typo_font_size_mobile":0,"ocean_menu_typo_font_size_unit":"px","ocean_menu_typo_font_weight":"","ocean_menu_typo_font_weight_tablet":"","ocean_menu_typo_font_weight_mobile":"","ocean_menu_typo_transform":"","ocean_menu_typo_transform_tablet":"","ocean_menu_typo_transform_mobile":"","ocean_menu_typo_line_height":0,"ocean_menu_typo_line_height_tablet":0,"ocean_menu_typo_line_height_mobile":0,"ocean_menu_typo_line_height_unit":"","ocean_menu_typo_spacing":0,"ocean_menu_typo_spacing_tablet":0,"ocean_menu_typo_spacing_mobile":0,"ocean_menu_typo_spacing_unit":"","ocean_menu_link_color":"","ocean_menu_link_color_hover":"","ocean_menu_link_color_active":"","ocean_menu_link_background":"","ocean_menu_link_hover_background":"","ocean_menu_link_active_background":"","ocean_menu_social_links_bg":"","ocean_menu_social_hover_links_bg":"","ocean_menu_social_links_color":"","ocean_menu_social_hover_links_color":"","ocean_disable_title":"default","ocean_disable_heading":"default","ocean_post_title":"","ocean_post_subheading":"","ocean_post_title_style":"","ocean_post_title_background_color":"","ocean_post_title_background":0,"ocean_post_title_bg_image_position":"","ocean_post_title_bg_image_attachment":"","ocean_post_title_bg_image_repeat":"","ocean_post_title_bg_image_size":"","ocean_post_title_height":0,"ocean_post_title_bg_overlay":0.5,"ocean_post_title_bg_overlay_color":"","ocean_disable_breadcrumbs":"default","ocean_breadcrumbs_color":"","ocean_breadcrumbs_separator_color":"","ocean_breadcrumbs_links_color":"","ocean_breadcrumbs_links_hover_color":"","ocean_display_footer_widgets":"default","ocean_display_footer_bottom":"default","ocean_custom_footer_template":"0","footnotes":""},"class_list":["post-187","page","type-page","status-publish","hentry","entry"],"jetpack_sharing_enabled":true,"_links":{"self":[{"href":"https:\/\/renaissancesoinenergetique.com\/index.php\/wp-json\/wp\/v2\/pages\/187","targetHints":{"allow":["GET"]}}],"collection":[{"href":"https:\/\/renaissancesoinenergetique.com\/index.php\/wp-json\/wp\/v2\/pages"}],"about":[{"href":"https:\/\/renaissancesoinenergetique.com\/index.php\/wp-json\/wp\/v2\/types\/page"}],"author":[{"embeddable":true,"href":"https:\/\/renaissancesoinenergetique.com\/index.php\/wp-json\/wp\/v2\/users\/1"}],"replies":[{"embeddable":true,"href":"https:\/\/renaissancesoinenergetique.com\/index.php\/wp-json\/wp\/v2\/comments?post=187"}],"version-history":[{"count":21,"href":"https:\/\/renaissancesoinenergetique.com\/index.php\/wp-json\/wp\/v2\/pages\/187\/revisions"}],"predecessor-version":[{"id":436,"href":"https:\/\/renaissancesoinenergetique.com\/index.php\/wp-json\/wp\/v2\/pages\/187\/revisions\/436"}],"wp:attachment":[{"href":"https:\/\/renaissancesoinenergetique.com\/index.php\/wp-json\/wp\/v2\/media?parent=187"}],"curies":[{"name":"wp","href":"https:\/\/api.w.org\/{rel}","templated":true}]}}